{"id":390,"date":"2011-04-19T13:31:25","date_gmt":"2011-04-19T13:31:25","guid":{"rendered":"http:\/\/gundulamenking.de\/?page_id=390"},"modified":"2025-08-07T15:03:31","modified_gmt":"2025-08-07T14:03:31","slug":"metall-und-glas","status":"publish","type":"page","link":"https:\/\/glasundmeer.gallery\/?page_id=390","title":{"rendered":"Metall und Glas"},"content":{"rendered":"<div class=\"wp-block-image\">\n<figure class=\"alignright\"><img decoding=\"async\" width=\"1024\" height=\"681\" src=\"http:\/\/glasundmeer.gallery\/wp-content\/uploads\/2011\/04\/PICT0216-1024x681.jpg\" alt=\"Glas &amp; Meer - Gundula Menking &quot;Boot&quot;\" class=\"wp-image-1172\" srcset=\"https:\/\/glasundmeer.gallery\/wp-content\/uploads\/2011\/04\/PICT0216-1024x681.jpg 1024w, https:\/\/glasundmeer.gallery\/wp-content\/uploads\/2011\/04\/PICT0216-300x199.jpg 300w, https:\/\/glasundmeer.gallery\/wp-content\/uploads\/2011\/04\/PICT0216-768x511.jpg 768w\" sizes=\"(max-width: 1024px) 100vw, 1024px\" \/><figcaption class=\"wp-element-caption\"><span style=\"color: #ffffff;\">Glas &amp; Meer &#8211; Gundula Menking &#8222;Boot&#8220;<\/span><\/figcaption><\/figure>\n<\/div>\n\n\n<p class=\"size-medium wp-image-1172\"><span style=\"color: #ffffff;\">Diese Objekte voll Zauber und Kraft entstehen, wenn Gundula Menking allerlei rostige Dinge in ihr Atelier schleppt. Die ursp\u00fcnglich n\u00fctzlichen Teile von Maschinen haben \u00fcber Jahrzehnte im Wasser gelegen und ihre Formen ver\u00e4ndert. Jetzt erwachen einige von ihnen zu einem zweiten Dasein, geben Silhouetten preis, die zuvor im Schlick verborgen waren. Gundula Menking entdeckt ihre zweite Natur und verst\u00e4rkt ihre Interpretation mit ihrem Lieblingsmaterial Glas.<\/span><\/p>\n\n\n<div class=\"wp-block-image\">\n<figure class=\"alignleft\"><img decoding=\"async\" width=\"300\" height=\"200\" src=\"http:\/\/glasundmeer.gallery\/wp-content\/uploads\/2011\/04\/gundi-036-300x200.jpg\" alt=\"Glas &amp; Meer - Gundula Menking &quot;Rad des Lebens&quot;\" class=\"wp-image-419\" srcset=\"https:\/\/glasundmeer.gallery\/wp-content\/uploads\/2011\/04\/gundi-036-300x200.jpg 300w, https:\/\/glasundmeer.gallery\/wp-content\/uploads\/2011\/04\/gundi-036.jpg 640w\" sizes=\"(max-width: 300px) 100vw, 300px\" \/><figcaption class=\"wp-element-caption\"><span style=\"color: #ffffff;\">Glas &amp; Meer &#8211; Gundula Menking &#8222;Rad des Lebens&#8220;<\/span><\/figcaption><\/figure>\n<\/div>\n\n<div class=\"wp-block-image\">\n<figure class=\"alignleft\"><img decoding=\"async\" width=\"300\" height=\"200\" src=\"http:\/\/glasundmeer.gallery\/wp-content\/uploads\/2011\/04\/2008-04-10-024-300x200.jpg\" alt=\"Glas &amp; Meer - Gundula Menking &quot;Bullaugenblick&quot;\" class=\"wp-image-417\" srcset=\"https:\/\/glasundmeer.gallery\/wp-content\/uploads\/2011\/04\/2008-04-10-024-300x200.jpg 300w, https:\/\/glasundmeer.gallery\/wp-content\/uploads\/2011\/04\/2008-04-10-024.jpg 640w\" sizes=\"(max-width: 300px) 100vw, 300px\" \/><figcaption class=\"wp-element-caption\"><span style=\"color: #ffffff;\">Glas &amp; Meer &#8211; Gundula Menking &#8222;Bullaugenblick&#8220;<\/span><\/figcaption><\/figure>\n<\/div>\n\n\n<p>&nbsp;<\/p>\n","protected":false},"excerpt":{"rendered":"<p>Diese Objekte voll Zauber und Kraft entstehen, wenn Gundula Menking allerlei rostige Dinge in ihr Atelier schleppt. Die ursp\u00fcnglich n\u00fctzlichen Teile von Maschinen haben \u00fcber Jahrzehnte im Wasser gelegen und ihre Formen ver\u00e4ndert. Jetzt erwachen einige von ihnen zu einem zweiten Dasein, geben Silhouetten preis, die zuvor im Schlick verborgen waren. Gundula Menking entdeckt ihre [&hellip;]<\/p>\n","protected":false},"author":3,"featured_media":0,"parent":178,"menu_order":0,"comment_status":"closed","ping_status":"closed","template":"","meta":{"footnotes":""},"class_list":["post-390","page","type-page","status-publish","hentry"],"_links":{"self":[{"href":"https:\/\/glasundmeer.gallery\/index.php?rest_route=\/wp\/v2\/pages\/390","targetHints":{"allow":["GET"]}}],"collection":[{"href":"https:\/\/glasundmeer.gallery\/index.php?rest_route=\/wp\/v2\/pages"}],"about":[{"href":"https:\/\/glasundmeer.gallery\/index.php?rest_route=\/wp\/v2\/types\/page"}],"author":[{"embeddable":true,"href":"https:\/\/glasundmeer.gallery\/index.php?rest_route=\/wp\/v2\/users\/3"}],"replies":[{"embeddable":true,"href":"https:\/\/glasundmeer.gallery\/index.php?rest_route=%2Fwp%2Fv2%2Fcomments&post=390"}],"version-history":[{"count":11,"href":"https:\/\/glasundmeer.gallery\/index.php?rest_route=\/wp\/v2\/pages\/390\/revisions"}],"predecessor-version":[{"id":1727,"href":"https:\/\/glasundmeer.gallery\/index.php?rest_route=\/wp\/v2\/pages\/390\/revisions\/1727"}],"up":[{"embeddable":true,"href":"https:\/\/glasundmeer.gallery\/index.php?rest_route=\/wp\/v2\/pages\/178"}],"wp:attachment":[{"href":"https:\/\/glasundmeer.gallery\/index.php?rest_route=%2Fwp%2Fv2%2Fmedia&parent=390"}],"curies":[{"name":"wp","href":"https:\/\/api.w.org\/{rel}","templated":true}]}}