{"id":388,"date":"2011-04-19T13:30:34","date_gmt":"2011-04-19T13:30:34","guid":{"rendered":"http:\/\/gundulamenking.de\/?page_id=388"},"modified":"2025-10-29T12:01:34","modified_gmt":"2025-10-29T11:01:34","slug":"glaskunst","status":"publish","type":"page","link":"https:\/\/glasundmeer.gallery\/?page_id=388","title":{"rendered":"Glaskunst"},"content":{"rendered":"\n<figure class=\"wp-block-gallery has-nested-images columns-default is-cropped wp-block-gallery-1 is-layout-flex wp-block-gallery-is-layout-flex\">\n<figure class=\"wp-block-image size-large\"><img decoding=\"async\" width=\"1024\" height=\"768\" data-id=\"1786\" src=\"https:\/\/glasundmeer.gallery\/wp-content\/uploads\/2025\/09\/Photo-2025-08-22-19-50-41_3542-1024x768.jpg\" alt=\"\" class=\"wp-image-1786\" srcset=\"https:\/\/glasundmeer.gallery\/wp-content\/uploads\/2025\/09\/Photo-2025-08-22-19-50-41_3542-1024x768.jpg 1024w, https:\/\/glasundmeer.gallery\/wp-content\/uploads\/2025\/09\/Photo-2025-08-22-19-50-41_3542-300x225.jpg 300w, https:\/\/glasundmeer.gallery\/wp-content\/uploads\/2025\/09\/Photo-2025-08-22-19-50-41_3542-768x576.jpg 768w, https:\/\/glasundmeer.gallery\/wp-content\/uploads\/2025\/09\/Photo-2025-08-22-19-50-41_3542-1536x1152.jpg 1536w, https:\/\/glasundmeer.gallery\/wp-content\/uploads\/2025\/09\/Photo-2025-08-22-19-50-41_3542-2048x1536.jpg 2048w\" sizes=\"(max-width: 1024px) 100vw, 1024px\" \/><\/figure>\n\n\n\n<figure class=\"wp-block-image size-large\"><img decoding=\"async\" width=\"1024\" height=\"768\" data-id=\"1789\" src=\"https:\/\/glasundmeer.gallery\/wp-content\/uploads\/2025\/09\/Photo-2025-08-22-19-51-34_3545-1024x768.jpg\" alt=\"\" class=\"wp-image-1789\" srcset=\"https:\/\/glasundmeer.gallery\/wp-content\/uploads\/2025\/09\/Photo-2025-08-22-19-51-34_3545-1024x768.jpg 1024w, https:\/\/glasundmeer.gallery\/wp-content\/uploads\/2025\/09\/Photo-2025-08-22-19-51-34_3545-300x225.jpg 300w, https:\/\/glasundmeer.gallery\/wp-content\/uploads\/2025\/09\/Photo-2025-08-22-19-51-34_3545-768x576.jpg 768w, https:\/\/glasundmeer.gallery\/wp-content\/uploads\/2025\/09\/Photo-2025-08-22-19-51-34_3545-1536x1152.jpg 1536w, https:\/\/glasundmeer.gallery\/wp-content\/uploads\/2025\/09\/Photo-2025-08-22-19-51-34_3545-2048x1536.jpg 2048w\" sizes=\"(max-width: 1024px) 100vw, 1024px\" \/><\/figure>\n\n\n\n<figure class=\"wp-block-image size-large\"><img decoding=\"async\" width=\"1024\" height=\"768\" data-id=\"1850\" src=\"https:\/\/glasundmeer.gallery\/wp-content\/uploads\/2025\/10\/Photo-2025-10-20-18-36-27_4496-1024x768.jpg\" alt=\"\" class=\"wp-image-1850\" srcset=\"https:\/\/glasundmeer.gallery\/wp-content\/uploads\/2025\/10\/Photo-2025-10-20-18-36-27_4496-1024x768.jpg 1024w, https:\/\/glasundmeer.gallery\/wp-content\/uploads\/2025\/10\/Photo-2025-10-20-18-36-27_4496-300x225.jpg 300w, https:\/\/glasundmeer.gallery\/wp-content\/uploads\/2025\/10\/Photo-2025-10-20-18-36-27_4496-768x576.jpg 768w, https:\/\/glasundmeer.gallery\/wp-content\/uploads\/2025\/10\/Photo-2025-10-20-18-36-27_4496-1536x1152.jpg 1536w, https:\/\/glasundmeer.gallery\/wp-content\/uploads\/2025\/10\/Photo-2025-10-20-18-36-27_4496.jpg 1600w\" sizes=\"(max-width: 1024px) 100vw, 1024px\" \/><\/figure>\n\n\n\n<figure class=\"wp-block-image size-large\"><img decoding=\"async\" width=\"1024\" height=\"768\" data-id=\"1851\" src=\"https:\/\/glasundmeer.gallery\/wp-content\/uploads\/2025\/10\/Photo-2025-10-20-18-36-28_4497-1024x768.jpg\" alt=\"\" class=\"wp-image-1851\" srcset=\"https:\/\/glasundmeer.gallery\/wp-content\/uploads\/2025\/10\/Photo-2025-10-20-18-36-28_4497-1024x768.jpg 1024w, https:\/\/glasundmeer.gallery\/wp-content\/uploads\/2025\/10\/Photo-2025-10-20-18-36-28_4497-300x225.jpg 300w, https:\/\/glasundmeer.gallery\/wp-content\/uploads\/2025\/10\/Photo-2025-10-20-18-36-28_4497-768x576.jpg 768w, https:\/\/glasundmeer.gallery\/wp-content\/uploads\/2025\/10\/Photo-2025-10-20-18-36-28_4497-1536x1152.jpg 1536w, https:\/\/glasundmeer.gallery\/wp-content\/uploads\/2025\/10\/Photo-2025-10-20-18-36-28_4497.jpg 1600w\" sizes=\"(max-width: 1024px) 100vw, 1024px\" \/><\/figure>\n\n\n\n<figure class=\"wp-block-image size-large\"><img decoding=\"async\" width=\"1024\" height=\"768\" data-id=\"1852\" src=\"https:\/\/glasundmeer.gallery\/wp-content\/uploads\/2025\/10\/Photo-2025-10-20-18-36-28_4498-1024x768.jpg\" alt=\"\" class=\"wp-image-1852\" srcset=\"https:\/\/glasundmeer.gallery\/wp-content\/uploads\/2025\/10\/Photo-2025-10-20-18-36-28_4498-1024x768.jpg 1024w, https:\/\/glasundmeer.gallery\/wp-content\/uploads\/2025\/10\/Photo-2025-10-20-18-36-28_4498-300x225.jpg 300w, https:\/\/glasundmeer.gallery\/wp-content\/uploads\/2025\/10\/Photo-2025-10-20-18-36-28_4498-768x576.jpg 768w, https:\/\/glasundmeer.gallery\/wp-content\/uploads\/2025\/10\/Photo-2025-10-20-18-36-28_4498-1536x1152.jpg 1536w, https:\/\/glasundmeer.gallery\/wp-content\/uploads\/2025\/10\/Photo-2025-10-20-18-36-28_4498.jpg 1600w\" sizes=\"(max-width: 1024px) 100vw, 1024px\" \/><\/figure>\n\n\n\n<figure class=\"wp-block-image size-large\"><img decoding=\"async\" width=\"1024\" height=\"755\" data-id=\"1859\" src=\"https:\/\/glasundmeer.gallery\/wp-content\/uploads\/2025\/10\/Photo-2025-10-20-21-08-10_4507-1024x755.jpg\" alt=\"\" class=\"wp-image-1859\" srcset=\"https:\/\/glasundmeer.gallery\/wp-content\/uploads\/2025\/10\/Photo-2025-10-20-21-08-10_4507-1024x755.jpg 1024w, https:\/\/glasundmeer.gallery\/wp-content\/uploads\/2025\/10\/Photo-2025-10-20-21-08-10_4507-300x221.jpg 300w, https:\/\/glasundmeer.gallery\/wp-content\/uploads\/2025\/10\/Photo-2025-10-20-21-08-10_4507-768x566.jpg 768w, https:\/\/glasundmeer.gallery\/wp-content\/uploads\/2025\/10\/Photo-2025-10-20-21-08-10_4507-1536x1132.jpg 1536w, https:\/\/glasundmeer.gallery\/wp-content\/uploads\/2025\/10\/Photo-2025-10-20-21-08-10_4507.jpg 1600w\" sizes=\"(max-width: 1024px) 100vw, 1024px\" \/><\/figure>\n\n\n\n<figure class=\"wp-block-image size-large\"><img decoding=\"async\" width=\"1024\" height=\"768\" data-id=\"1858\" src=\"https:\/\/glasundmeer.gallery\/wp-content\/uploads\/2025\/10\/Photo-2025-10-20-21-08-10_4506-1024x768.jpg\" alt=\"\" class=\"wp-image-1858\" srcset=\"https:\/\/glasundmeer.gallery\/wp-content\/uploads\/2025\/10\/Photo-2025-10-20-21-08-10_4506-1024x768.jpg 1024w, https:\/\/glasundmeer.gallery\/wp-content\/uploads\/2025\/10\/Photo-2025-10-20-21-08-10_4506-300x225.jpg 300w, https:\/\/glasundmeer.gallery\/wp-content\/uploads\/2025\/10\/Photo-2025-10-20-21-08-10_4506-768x576.jpg 768w, https:\/\/glasundmeer.gallery\/wp-content\/uploads\/2025\/10\/Photo-2025-10-20-21-08-10_4506-1536x1152.jpg 1536w, https:\/\/glasundmeer.gallery\/wp-content\/uploads\/2025\/10\/Photo-2025-10-20-21-08-10_4506.jpg 1600w\" sizes=\"(max-width: 1024px) 100vw, 1024px\" \/><\/figure>\n\n\n\n<figure class=\"wp-block-image size-large\"><img decoding=\"async\" width=\"1024\" height=\"1333\" data-id=\"1857\" src=\"https:\/\/glasundmeer.gallery\/wp-content\/uploads\/2025\/10\/Photo-2025-10-20-21-08-00_4505-1024x1333.jpg\" alt=\"\" class=\"wp-image-1857\" srcset=\"https:\/\/glasundmeer.gallery\/wp-content\/uploads\/2025\/10\/Photo-2025-10-20-21-08-00_4505-1024x1333.jpg 1024w, https:\/\/glasundmeer.gallery\/wp-content\/uploads\/2025\/10\/Photo-2025-10-20-21-08-00_4505-230x300.jpg 230w, https:\/\/glasundmeer.gallery\/wp-content\/uploads\/2025\/10\/Photo-2025-10-20-21-08-00_4505-768x1000.jpg 768w, https:\/\/glasundmeer.gallery\/wp-content\/uploads\/2025\/10\/Photo-2025-10-20-21-08-00_4505-1180x1536.jpg 1180w, https:\/\/glasundmeer.gallery\/wp-content\/uploads\/2025\/10\/Photo-2025-10-20-21-08-00_4505.jpg 1229w\" sizes=\"(max-width: 1024px) 100vw, 1024px\" \/><\/figure>\n\n\n\n<figure class=\"wp-block-image size-large\"><img decoding=\"async\" width=\"1024\" height=\"768\" data-id=\"1856\" src=\"https:\/\/glasundmeer.gallery\/wp-content\/uploads\/2025\/10\/Photo-2025-10-20-21-07-59_4504-1024x768.jpg\" alt=\"\" class=\"wp-image-1856\" srcset=\"https:\/\/glasundmeer.gallery\/wp-content\/uploads\/2025\/10\/Photo-2025-10-20-21-07-59_4504-1024x768.jpg 1024w, https:\/\/glasundmeer.gallery\/wp-content\/uploads\/2025\/10\/Photo-2025-10-20-21-07-59_4504-300x225.jpg 300w, https:\/\/glasundmeer.gallery\/wp-content\/uploads\/2025\/10\/Photo-2025-10-20-21-07-59_4504-768x576.jpg 768w, https:\/\/glasundmeer.gallery\/wp-content\/uploads\/2025\/10\/Photo-2025-10-20-21-07-59_4504-1536x1152.jpg 1536w, https:\/\/glasundmeer.gallery\/wp-content\/uploads\/2025\/10\/Photo-2025-10-20-21-07-59_4504.jpg 1600w\" sizes=\"(max-width: 1024px) 100vw, 1024px\" \/><\/figure>\n\n\n\n<figure class=\"wp-block-image size-large\"><img decoding=\"async\" width=\"1024\" height=\"1565\" data-id=\"1854\" src=\"https:\/\/glasundmeer.gallery\/wp-content\/uploads\/2025\/10\/Photo-2025-10-20-18-40-46_4500-1024x1565.jpg\" alt=\"\" class=\"wp-image-1854\" srcset=\"https:\/\/glasundmeer.gallery\/wp-content\/uploads\/2025\/10\/Photo-2025-10-20-18-40-46_4500-1024x1565.jpg 1024w, https:\/\/glasundmeer.gallery\/wp-content\/uploads\/2025\/10\/Photo-2025-10-20-18-40-46_4500-196x300.jpg 196w, https:\/\/glasundmeer.gallery\/wp-content\/uploads\/2025\/10\/Photo-2025-10-20-18-40-46_4500-768x1174.jpg 768w, https:\/\/glasundmeer.gallery\/wp-content\/uploads\/2025\/10\/Photo-2025-10-20-18-40-46_4500-1005x1536.jpg 1005w, https:\/\/glasundmeer.gallery\/wp-content\/uploads\/2025\/10\/Photo-2025-10-20-18-40-46_4500.jpg 1047w\" sizes=\"(max-width: 1024px) 100vw, 1024px\" \/><\/figure>\n\n\n\n<figure class=\"wp-block-image size-large\"><img decoding=\"async\" width=\"1024\" height=\"602\" data-id=\"1853\" src=\"https:\/\/glasundmeer.gallery\/wp-content\/uploads\/2025\/10\/Photo-2025-10-20-18-36-29_4499-1024x602.jpg\" alt=\"\" class=\"wp-image-1853\" srcset=\"https:\/\/glasundmeer.gallery\/wp-content\/uploads\/2025\/10\/Photo-2025-10-20-18-36-29_4499-1024x602.jpg 1024w, https:\/\/glasundmeer.gallery\/wp-content\/uploads\/2025\/10\/Photo-2025-10-20-18-36-29_4499-300x176.jpg 300w, https:\/\/glasundmeer.gallery\/wp-content\/uploads\/2025\/10\/Photo-2025-10-20-18-36-29_4499-768x452.jpg 768w, https:\/\/glasundmeer.gallery\/wp-content\/uploads\/2025\/10\/Photo-2025-10-20-18-36-29_4499-1536x903.jpg 1536w, https:\/\/glasundmeer.gallery\/wp-content\/uploads\/2025\/10\/Photo-2025-10-20-18-36-29_4499.jpg 1600w\" sizes=\"(max-width: 1024px) 100vw, 1024px\" \/><\/figure>\n\n\n\n<figure class=\"wp-block-image size-large\"><img decoding=\"async\" width=\"1024\" height=\"768\" data-id=\"1849\" src=\"https:\/\/glasundmeer.gallery\/wp-content\/uploads\/2025\/10\/Photo-2025-10-20-18-36-27_4495-1024x768.jpg\" alt=\"\" class=\"wp-image-1849\" srcset=\"https:\/\/glasundmeer.gallery\/wp-content\/uploads\/2025\/10\/Photo-2025-10-20-18-36-27_4495-1024x768.jpg 1024w, https:\/\/glasundmeer.gallery\/wp-content\/uploads\/2025\/10\/Photo-2025-10-20-18-36-27_4495-300x225.jpg 300w, https:\/\/glasundmeer.gallery\/wp-content\/uploads\/2025\/10\/Photo-2025-10-20-18-36-27_4495-768x576.jpg 768w, https:\/\/glasundmeer.gallery\/wp-content\/uploads\/2025\/10\/Photo-2025-10-20-18-36-27_4495-1536x1152.jpg 1536w, https:\/\/glasundmeer.gallery\/wp-content\/uploads\/2025\/10\/Photo-2025-10-20-18-36-27_4495.jpg 1600w\" sizes=\"(max-width: 1024px) 100vw, 1024px\" \/><\/figure>\n\n\n\n<figure class=\"wp-block-image size-large\"><img decoding=\"async\" width=\"1024\" height=\"768\" data-id=\"1848\" src=\"https:\/\/glasundmeer.gallery\/wp-content\/uploads\/2025\/10\/Photo-2025-10-20-18-36-26_4494-1024x768.jpg\" alt=\"\" class=\"wp-image-1848\" srcset=\"https:\/\/glasundmeer.gallery\/wp-content\/uploads\/2025\/10\/Photo-2025-10-20-18-36-26_4494-1024x768.jpg 1024w, https:\/\/glasundmeer.gallery\/wp-content\/uploads\/2025\/10\/Photo-2025-10-20-18-36-26_4494-300x225.jpg 300w, https:\/\/glasundmeer.gallery\/wp-content\/uploads\/2025\/10\/Photo-2025-10-20-18-36-26_4494-768x576.jpg 768w, https:\/\/glasundmeer.gallery\/wp-content\/uploads\/2025\/10\/Photo-2025-10-20-18-36-26_4494-1536x1152.jpg 1536w, https:\/\/glasundmeer.gallery\/wp-content\/uploads\/2025\/10\/Photo-2025-10-20-18-36-26_4494.jpg 1600w\" sizes=\"(max-width: 1024px) 100vw, 1024px\" \/><\/figure>\n\n\n\n<figure class=\"wp-block-image size-large\"><img decoding=\"async\" width=\"1024\" height=\"768\" data-id=\"1847\" src=\"https:\/\/glasundmeer.gallery\/wp-content\/uploads\/2025\/10\/Photo-2025-10-20-18-36-23_4493-1024x768.jpg\" alt=\"\" class=\"wp-image-1847\" srcset=\"https:\/\/glasundmeer.gallery\/wp-content\/uploads\/2025\/10\/Photo-2025-10-20-18-36-23_4493-1024x768.jpg 1024w, https:\/\/glasundmeer.gallery\/wp-content\/uploads\/2025\/10\/Photo-2025-10-20-18-36-23_4493-300x225.jpg 300w, https:\/\/glasundmeer.gallery\/wp-content\/uploads\/2025\/10\/Photo-2025-10-20-18-36-23_4493-768x576.jpg 768w, https:\/\/glasundmeer.gallery\/wp-content\/uploads\/2025\/10\/Photo-2025-10-20-18-36-23_4493-1536x1152.jpg 1536w, https:\/\/glasundmeer.gallery\/wp-content\/uploads\/2025\/10\/Photo-2025-10-20-18-36-23_4493.jpg 1600w\" sizes=\"(max-width: 1024px) 100vw, 1024px\" \/><\/figure>\n\n\n\n<figure class=\"wp-block-image size-large\"><img decoding=\"async\" width=\"1024\" height=\"768\" data-id=\"1846\" src=\"https:\/\/glasundmeer.gallery\/wp-content\/uploads\/2025\/10\/Photo-2025-10-20-18-36-23_4492-1024x768.jpg\" alt=\"\" class=\"wp-image-1846\" srcset=\"https:\/\/glasundmeer.gallery\/wp-content\/uploads\/2025\/10\/Photo-2025-10-20-18-36-23_4492-1024x768.jpg 1024w, https:\/\/glasundmeer.gallery\/wp-content\/uploads\/2025\/10\/Photo-2025-10-20-18-36-23_4492-300x225.jpg 300w, https:\/\/glasundmeer.gallery\/wp-content\/uploads\/2025\/10\/Photo-2025-10-20-18-36-23_4492-768x576.jpg 768w, https:\/\/glasundmeer.gallery\/wp-content\/uploads\/2025\/10\/Photo-2025-10-20-18-36-23_4492-1536x1152.jpg 1536w, https:\/\/glasundmeer.gallery\/wp-content\/uploads\/2025\/10\/Photo-2025-10-20-18-36-23_4492.jpg 1600w\" sizes=\"(max-width: 1024px) 100vw, 1024px\" \/><\/figure>\n\n\n\n<figure class=\"wp-block-image size-large\"><img decoding=\"async\" width=\"1024\" height=\"768\" data-id=\"1845\" src=\"https:\/\/glasundmeer.gallery\/wp-content\/uploads\/2025\/10\/Photo-2025-10-20-18-36-23_4491-1024x768.jpg\" alt=\"\" class=\"wp-image-1845\" srcset=\"https:\/\/glasundmeer.gallery\/wp-content\/uploads\/2025\/10\/Photo-2025-10-20-18-36-23_4491-1024x768.jpg 1024w, https:\/\/glasundmeer.gallery\/wp-content\/uploads\/2025\/10\/Photo-2025-10-20-18-36-23_4491-300x225.jpg 300w, https:\/\/glasundmeer.gallery\/wp-content\/uploads\/2025\/10\/Photo-2025-10-20-18-36-23_4491-768x576.jpg 768w, https:\/\/glasundmeer.gallery\/wp-content\/uploads\/2025\/10\/Photo-2025-10-20-18-36-23_4491-1536x1152.jpg 1536w, https:\/\/glasundmeer.gallery\/wp-content\/uploads\/2025\/10\/Photo-2025-10-20-18-36-23_4491.jpg 1600w\" sizes=\"(max-width: 1024px) 100vw, 1024px\" \/><\/figure>\n\n\n\n<figure class=\"wp-block-image size-large\"><img decoding=\"async\" width=\"1024\" height=\"768\" data-id=\"1844\" src=\"https:\/\/glasundmeer.gallery\/wp-content\/uploads\/2025\/10\/Photo-2025-10-20-18-36-23_4490-1024x768.jpg\" alt=\"\" class=\"wp-image-1844\" srcset=\"https:\/\/glasundmeer.gallery\/wp-content\/uploads\/2025\/10\/Photo-2025-10-20-18-36-23_4490-1024x768.jpg 1024w, https:\/\/glasundmeer.gallery\/wp-content\/uploads\/2025\/10\/Photo-2025-10-20-18-36-23_4490-300x225.jpg 300w, https:\/\/glasundmeer.gallery\/wp-content\/uploads\/2025\/10\/Photo-2025-10-20-18-36-23_4490-768x576.jpg 768w, https:\/\/glasundmeer.gallery\/wp-content\/uploads\/2025\/10\/Photo-2025-10-20-18-36-23_4490-1536x1152.jpg 1536w, https:\/\/glasundmeer.gallery\/wp-content\/uploads\/2025\/10\/Photo-2025-10-20-18-36-23_4490.jpg 1600w\" sizes=\"(max-width: 1024px) 100vw, 1024px\" \/><\/figure>\n\n\n\n<figure class=\"wp-block-image size-large\"><img decoding=\"async\" width=\"1024\" height=\"768\" data-id=\"1843\" src=\"https:\/\/glasundmeer.gallery\/wp-content\/uploads\/2025\/10\/Photo-2025-10-20-18-36-23_4489-1024x768.jpg\" alt=\"\" class=\"wp-image-1843\" srcset=\"https:\/\/glasundmeer.gallery\/wp-content\/uploads\/2025\/10\/Photo-2025-10-20-18-36-23_4489-1024x768.jpg 1024w, https:\/\/glasundmeer.gallery\/wp-content\/uploads\/2025\/10\/Photo-2025-10-20-18-36-23_4489-300x225.jpg 300w, https:\/\/glasundmeer.gallery\/wp-content\/uploads\/2025\/10\/Photo-2025-10-20-18-36-23_4489-768x576.jpg 768w, https:\/\/glasundmeer.gallery\/wp-content\/uploads\/2025\/10\/Photo-2025-10-20-18-36-23_4489-1536x1152.jpg 1536w, https:\/\/glasundmeer.gallery\/wp-content\/uploads\/2025\/10\/Photo-2025-10-20-18-36-23_4489.jpg 1600w\" sizes=\"(max-width: 1024px) 100vw, 1024px\" \/><\/figure>\n\n\n\n<figure class=\"wp-block-image size-large\"><img decoding=\"async\" width=\"1024\" height=\"768\" data-id=\"1842\" src=\"https:\/\/glasundmeer.gallery\/wp-content\/uploads\/2025\/10\/Photo-2025-10-20-18-36-23_4488-1024x768.jpg\" alt=\"\" class=\"wp-image-1842\" srcset=\"https:\/\/glasundmeer.gallery\/wp-content\/uploads\/2025\/10\/Photo-2025-10-20-18-36-23_4488-1024x768.jpg 1024w, https:\/\/glasundmeer.gallery\/wp-content\/uploads\/2025\/10\/Photo-2025-10-20-18-36-23_4488-300x225.jpg 300w, https:\/\/glasundmeer.gallery\/wp-content\/uploads\/2025\/10\/Photo-2025-10-20-18-36-23_4488-768x576.jpg 768w, https:\/\/glasundmeer.gallery\/wp-content\/uploads\/2025\/10\/Photo-2025-10-20-18-36-23_4488-1536x1152.jpg 1536w, https:\/\/glasundmeer.gallery\/wp-content\/uploads\/2025\/10\/Photo-2025-10-20-18-36-23_4488.jpg 1600w\" sizes=\"(max-width: 1024px) 100vw, 1024px\" \/><\/figure>\n\n\n\n<figure class=\"wp-block-image size-large\"><img decoding=\"async\" width=\"1024\" height=\"768\" data-id=\"1834\" src=\"https:\/\/glasundmeer.gallery\/wp-content\/uploads\/2025\/10\/Photo-2025-10-18-15-56-42_4449-1024x768.jpg\" alt=\"\" class=\"wp-image-1834\" srcset=\"https:\/\/glasundmeer.gallery\/wp-content\/uploads\/2025\/10\/Photo-2025-10-18-15-56-42_4449-1024x768.jpg 1024w, https:\/\/glasundmeer.gallery\/wp-content\/uploads\/2025\/10\/Photo-2025-10-18-15-56-42_4449-300x225.jpg 300w, https:\/\/glasundmeer.gallery\/wp-content\/uploads\/2025\/10\/Photo-2025-10-18-15-56-42_4449-768x576.jpg 768w, https:\/\/glasundmeer.gallery\/wp-content\/uploads\/2025\/10\/Photo-2025-10-18-15-56-42_4449-1536x1152.jpg 1536w, https:\/\/glasundmeer.gallery\/wp-content\/uploads\/2025\/10\/Photo-2025-10-18-15-56-42_4449.jpg 1600w\" sizes=\"(max-width: 1024px) 100vw, 1024px\" \/><\/figure>\n\n\n\n<figure class=\"wp-block-image size-large\"><img decoding=\"async\" width=\"1024\" height=\"768\" data-id=\"1835\" src=\"https:\/\/glasundmeer.gallery\/wp-content\/uploads\/2025\/10\/Photo-2025-10-17-14-17-17_4440-1024x768.jpg\" alt=\"\" class=\"wp-image-1835\" srcset=\"https:\/\/glasundmeer.gallery\/wp-content\/uploads\/2025\/10\/Photo-2025-10-17-14-17-17_4440-1024x768.jpg 1024w, https:\/\/glasundmeer.gallery\/wp-content\/uploads\/2025\/10\/Photo-2025-10-17-14-17-17_4440-300x225.jpg 300w, https:\/\/glasundmeer.gallery\/wp-content\/uploads\/2025\/10\/Photo-2025-10-17-14-17-17_4440-768x576.jpg 768w, https:\/\/glasundmeer.gallery\/wp-content\/uploads\/2025\/10\/Photo-2025-10-17-14-17-17_4440-1536x1152.jpg 1536w, https:\/\/glasundmeer.gallery\/wp-content\/uploads\/2025\/10\/Photo-2025-10-17-14-17-17_4440.jpg 1600w\" sizes=\"(max-width: 1024px) 100vw, 1024px\" \/><\/figure>\n<\/figure>\n\n\n<p><span style=\"color: #ffffff;\">Glas bietet durch seine bivalente Natur eine so gro\u00dfe Vielfalt in der Gestaltung, dass niemand je alle Facetten der Glaskunst abschlie\u00dfend ergr\u00fcnden kann. Die Leichtigkeit in der Transparenz, die Stabili\u00e4t in der erkalteten Schmelze, die Zerbrechlichkeit im Alltag &#8211; Glas ist immer gef\u00e4hrdet, bietet Schutz und vermag in der Farbigkeit von Gundula Menkings Objekten zu verzaubern.<a style=\"color: #ffffff;\" href=\"http:\/\/glasundmeer.gallery\/wp-content\/uploads\/2011\/03\/foto6.jpg\"><img decoding=\"async\" class=\"wp-image-369 size-medium alignleft\" title=\"foto6\" src=\"http:\/\/glasundmeer.gallery\/wp-content\/uploads\/2011\/03\/foto6-198x300.jpg\" alt=\"\" width=\"198\" height=\"300\" srcset=\"https:\/\/glasundmeer.gallery\/wp-content\/uploads\/2011\/03\/foto6-198x300.jpg 198w, https:\/\/glasundmeer.gallery\/wp-content\/uploads\/2011\/03\/foto6.jpg 515w\" sizes=\"(max-width: 198px) 100vw, 198px\" \/><\/a><\/span><\/p>\n<p><span style=\"color: #ffffff;\">Wenn Natur und Glas aufeinandertreffen, ist das Ergebnis immer eine \u00dcberaschung &#8211; das k\u00fcnstliche, uns so vertraute Glas kann sich vereinigen zu neuen Objekten mit Wurzeln und H\u00f6lzern, als ob kein anderer Bezug je bestanden h\u00e4tte. So wirken Gundula Menkings Objekte aus Glas immer wie Traumbilder, weil sie nicht Natur sind und doch das sind, was nicht sein kann &#8211; Objekte, die im Flu\u00df erstarrt sind. So wird ein ganz besonderer Augenblick eingefangen. <img decoding=\"async\" class=\"wp-image-285 size-medium alignleft\" title=\"foto5\" src=\"http:\/\/glasundmeer.gallery\/wp-content\/uploads\/2011\/02\/foto5-203x300.jpg\" alt=\"foto5\" width=\"203\" height=\"300\" srcset=\"https:\/\/glasundmeer.gallery\/wp-content\/uploads\/2011\/02\/foto5-203x300.jpg 203w, https:\/\/glasundmeer.gallery\/wp-content\/uploads\/2011\/02\/foto5.jpg 516w\" sizes=\"(max-width: 203px) 100vw, 203px\" \/><\/span><\/p>\n<figure id=\"attachment_1214\" aria-describedby=\"caption-attachment-1214\" style=\"width: 261px\" class=\"wp-caption alignleft\"><img decoding=\"async\" class=\"size-medium wp-image-1214\" src=\"http:\/\/glasundmeer.gallery\/wp-content\/uploads\/2011\/04\/PICT0068_crop-wb-261x300.jpg\" alt=\"Glas &amp; Meer - Gundula Menking &quot;Engel&quot;\" width=\"261\" height=\"300\" srcset=\"https:\/\/glasundmeer.gallery\/wp-content\/uploads\/2011\/04\/PICT0068_crop-wb-261x300.jpg 261w, https:\/\/glasundmeer.gallery\/wp-content\/uploads\/2011\/04\/PICT0068_crop-wb-768x881.jpg 768w, https:\/\/glasundmeer.gallery\/wp-content\/uploads\/2011\/04\/PICT0068_crop-wb-892x1024.jpg 892w, https:\/\/glasundmeer.gallery\/wp-content\/uploads\/2011\/04\/PICT0068_crop-wb.jpg 1953w\" sizes=\"(max-width: 261px) 100vw, 261px\" \/><figcaption id=\"caption-attachment-1214\" class=\"wp-caption-text\"><\/span> <span style=\"color: #ffffff;\">Glas &amp; Meer &#8211; Gundula Menking &#8222;Engel&#8220;<\/span><\/figcaption><\/figure>\n<figure id=\"attachment_1215\" aria-describedby=\"caption-attachment-1215\" style=\"width: 300px\" class=\"wp-caption alignleft\"><img decoding=\"async\" class=\"size-medium wp-image-1215\" src=\"http:\/\/glasundmeer.gallery\/wp-content\/uploads\/2011\/04\/PICT0037_crop-300x201.jpg\" alt=\"Glas &amp; Meer - Gundula Menking &quot;Engel&quot;\" width=\"300\" height=\"201\" srcset=\"https:\/\/glasundmeer.gallery\/wp-content\/uploads\/2011\/04\/PICT0037_crop-300x201.jpg 300w, https:\/\/glasundmeer.gallery\/wp-content\/uploads\/2011\/04\/PICT0037_crop-768x514.jpg 768w, https:\/\/glasundmeer.gallery\/wp-content\/uploads\/2011\/04\/PICT0037_crop-1024x686.jpg 1024w\" sizes=\"(max-width: 300px) 100vw, 300px\" \/><figcaption id=\"caption-attachment-1215\" class=\"wp-caption-text\"><\/span> <span style=\"color: #ffffff;\">Glas &amp; Meer &#8211; Gundula Menking &#8222;Engel&#8220;<\/span><\/figcaption><\/figure>\n<figure id=\"attachment_1216\" aria-describedby=\"caption-attachment-1216\" style=\"width: 300px\" class=\"wp-caption alignleft\"><img decoding=\"async\" class=\"wp-image-1216 size-medium\" src=\"http:\/\/glasundmeer.gallery\/wp-content\/uploads\/2011\/04\/PICT0015_crop0-300x289.jpg\" alt=\"Glas &amp; Meer - Gundula Menking &quot;Eule&quot; (verkauft)\" width=\"300\" height=\"289\" srcset=\"https:\/\/glasundmeer.gallery\/wp-content\/uploads\/2011\/04\/PICT0015_crop0-300x289.jpg 300w, https:\/\/glasundmeer.gallery\/wp-content\/uploads\/2011\/04\/PICT0015_crop0-768x739.jpg 768w, https:\/\/glasundmeer.gallery\/wp-content\/uploads\/2011\/04\/PICT0015_crop0-1024x986.jpg 1024w, https:\/\/glasundmeer.gallery\/wp-content\/uploads\/2011\/04\/PICT0015_crop0-24x24.jpg 24w, https:\/\/glasundmeer.gallery\/wp-content\/uploads\/2011\/04\/PICT0015_crop0-36x36.jpg 36w\" sizes=\"(max-width: 300px) 100vw, 300px\" \/><figcaption id=\"caption-attachment-1216\" class=\"wp-caption-text\"><\/span> <span style=\"color: #ffffff;\">Glas &amp; Meer &#8211; Gundula Menking &#8222;Eule&#8220; (verkauft)<\/span><\/figcaption><\/figure>\n<figure id=\"attachment_1218\" aria-describedby=\"caption-attachment-1218\" style=\"width: 146px\" class=\"wp-caption alignleft\"><img decoding=\"async\" class=\"wp-image-1218 size-medium\" src=\"http:\/\/glasundmeer.gallery\/wp-content\/uploads\/2011\/04\/PICT0040_crop_wb-146x300.jpg\" alt=\"Glas &amp; Meer - Gundula Menking &quot;Cello&quot;\" width=\"146\" height=\"300\" srcset=\"https:\/\/glasundmeer.gallery\/wp-content\/uploads\/2011\/04\/PICT0040_crop_wb-146x300.jpg 146w, https:\/\/glasundmeer.gallery\/wp-content\/uploads\/2011\/04\/PICT0040_crop_wb-768x1574.jpg 768w, https:\/\/glasundmeer.gallery\/wp-content\/uploads\/2011\/04\/PICT0040_crop_wb-500x1024.jpg 500w, https:\/\/glasundmeer.gallery\/wp-content\/uploads\/2011\/04\/PICT0040_crop_wb.jpg 1279w\" sizes=\"(max-width: 146px) 100vw, 146px\" \/><figcaption id=\"caption-attachment-1218\" class=\"wp-caption-text\"><\/span> <span style=\"color: #ffffff;\">Glas &amp; Meer &#8211; Gundula Menking &#8222;Cello&#8220;<\/span><\/figcaption><\/figure>\n\n","protected":false},"excerpt":{"rendered":"<p>Glas bietet durch seine bivalente Natur eine so gro\u00dfe Vielfalt in der Gestaltung, dass niemand je alle Facetten der Glaskunst abschlie\u00dfend ergr\u00fcnden kann. Die Leichtigkeit in der Transparenz, die Stabili\u00e4t in der erkalteten Schmelze, die Zerbrechlichkeit im Alltag &#8211; Glas ist immer gef\u00e4hrdet, bietet Schutz und vermag in der Farbigkeit von Gundula Menkings Objekten zu [&hellip;]<\/p>\n","protected":false},"author":3,"featured_media":0,"parent":178,"menu_order":0,"comment_status":"closed","ping_status":"closed","template":"","meta":{"footnotes":""},"class_list":["post-388","page","type-page","status-publish","hentry"],"_links":{"self":[{"href":"https:\/\/glasundmeer.gallery\/index.php?rest_route=\/wp\/v2\/pages\/388","targetHints":{"allow":["GET"]}}],"collection":[{"href":"https:\/\/glasundmeer.gallery\/index.php?rest_route=\/wp\/v2\/pages"}],"about":[{"href":"https:\/\/glasundmeer.gallery\/index.php?rest_route=\/wp\/v2\/types\/page"}],"author":[{"embeddable":true,"href":"https:\/\/glasundmeer.gallery\/index.php?rest_route=\/wp\/v2\/users\/3"}],"replies":[{"embeddable":true,"href":"https:\/\/glasundmeer.gallery\/index.php?rest_route=%2Fwp%2Fv2%2Fcomments&post=388"}],"version-history":[{"count":7,"href":"https:\/\/glasundmeer.gallery\/index.php?rest_route=\/wp\/v2\/pages\/388\/revisions"}],"predecessor-version":[{"id":2066,"href":"https:\/\/glasundmeer.gallery\/index.php?rest_route=\/wp\/v2\/pages\/388\/revisions\/2066"}],"up":[{"embeddable":true,"href":"https:\/\/glasundmeer.gallery\/index.php?rest_route=\/wp\/v2\/pages\/178"}],"wp:attachment":[{"href":"https:\/\/glasundmeer.gallery\/index.php?rest_route=%2Fwp%2Fv2%2Fmedia&parent=388"}],"curies":[{"name":"wp","href":"https:\/\/api.w.org\/{rel}","templated":true}]}}