{"id":224,"date":"2011-02-23T15:43:48","date_gmt":"2011-02-23T15:43:48","guid":{"rendered":"http:\/\/ralfputz.de\/?page_id=224"},"modified":"2025-03-10T15:28:57","modified_gmt":"2025-03-10T14:28:57","slug":"leuchtkunst","status":"publish","type":"page","link":"https:\/\/glasundmeer.gallery\/?page_id=224","title":{"rendered":"Leuchtobjekte"},"content":{"rendered":"<p><span style=\"color: #ffffff;\"><img decoding=\"async\" class=\"size-medium wp-image-500 alignright\" title=\"pic_0120\" src=\"http:\/\/glasundmeer.gallery\/wp-content\/uploads\/2011\/10\/pic_0120-300x225.jpg\" alt=\"pic_0120\" width=\"300\" height=\"225\" srcset=\"https:\/\/glasundmeer.gallery\/wp-content\/uploads\/2011\/10\/pic_0120-300x225.jpg 300w, https:\/\/glasundmeer.gallery\/wp-content\/uploads\/2011\/10\/pic_0120.jpg 640w\" sizes=\"(max-width: 300px) 100vw, 300px\" \/><\/span><\/p>\n<figure id=\"attachment_1181\" aria-describedby=\"caption-attachment-1181\" style=\"width: 225px\" class=\"wp-caption alignleft\"><img decoding=\"async\" class=\"wp-image-1181 size-large\" src=\"http:\/\/glasundmeer.gallery\/wp-content\/uploads\/2011\/02\/PICT0136_rev-225x1024.jpg\" alt=\"Glas &amp; Meer - Gundula Menking &quot;Bambusleuchte&quot;\" width=\"225\" height=\"1024\" srcset=\"https:\/\/glasundmeer.gallery\/wp-content\/uploads\/2011\/02\/PICT0136_rev-225x1024.jpg 225w, https:\/\/glasundmeer.gallery\/wp-content\/uploads\/2011\/02\/PICT0136_rev-66x300.jpg 66w, https:\/\/glasundmeer.gallery\/wp-content\/uploads\/2011\/02\/PICT0136_rev.jpg 619w\" sizes=\"(max-width: 225px) 100vw, 225px\" \/><figcaption id=\"caption-attachment-1181\" class=\"wp-caption-text\"><\/span> <span style=\"color: #ffffff;\">Glas &amp; Meer &#8211; Gundula Menking &#8222;Bambusleuchte&#8220;<\/span><\/figcaption><\/figure>\n<figure id=\"attachment_1206\" aria-describedby=\"caption-attachment-1206\" style=\"width: 360px\" class=\"wp-caption alignleft\"><img decoding=\"async\" class=\"wp-image-1206 size-large\" src=\"http:\/\/glasundmeer.gallery\/wp-content\/uploads\/2011\/02\/PICT5721_2-360x1024.jpg\" alt=\"Glas &amp; Meer - Gundula Menking &quot;Bambusleuchte&quot; (Glasmuseum Immenhausen, verkauft)\" width=\"360\" height=\"1024\" srcset=\"https:\/\/glasundmeer.gallery\/wp-content\/uploads\/2011\/02\/PICT5721_2-360x1024.jpg 360w, https:\/\/glasundmeer.gallery\/wp-content\/uploads\/2011\/02\/PICT5721_2-105x300.jpg 105w, https:\/\/glasundmeer.gallery\/wp-content\/uploads\/2011\/02\/PICT5721_2-768x2184.jpg 768w, https:\/\/glasundmeer.gallery\/wp-content\/uploads\/2011\/02\/PICT5721_2.jpg 1028w\" sizes=\"(max-width: 360px) 100vw, 360px\" \/><figcaption id=\"caption-attachment-1206\" class=\"wp-caption-text\"><\/span> <span style=\"color: #ffffff;\">Glas &amp; Meer &#8211; Gundula Menking &#8222;Bambusleuchte&#8220; (Glasmuseum Immenhausen, verkauft)<\/span><\/figcaption><\/figure>\n<figure id=\"attachment_1207\" aria-describedby=\"caption-attachment-1207\" style=\"width: 98px\" class=\"wp-caption alignleft\"><img decoding=\"async\" class=\"wp-image-1207 size-large\" src=\"http:\/\/glasundmeer.gallery\/wp-content\/uploads\/2011\/02\/PICT5722_2-98x1024.jpg\" alt=\"Glas &amp; Meer - Gundula Menking &quot;Bambusleuchte&quot; (Glasmuseum Immenhausen, verkauft)\" width=\"98\" height=\"1024\" srcset=\"https:\/\/glasundmeer.gallery\/wp-content\/uploads\/2011\/02\/PICT5722_2-98x1024.jpg 98w, https:\/\/glasundmeer.gallery\/wp-content\/uploads\/2011\/02\/PICT5722_2.jpg 276w\" sizes=\"(max-width: 98px) 100vw, 98px\" \/><figcaption id=\"caption-attachment-1207\" class=\"wp-caption-text\"><\/span> <span style=\"color: #ffffff;\">Glas &amp; Meer &#8211; Gundula Menking &#8222;Bambusleuchte&#8220; (Glasmuseum Immenhausen, verkauft)<\/span><\/figcaption><\/figure>\n<p>&nbsp;<\/p>\n<p><span style=\"color: #ffffff;\">Leuchtobjekte sind Gundula Menkings Lieblingsthema in der Glaskunst. Die M\u00f6glichkeit mit der elektrischen Beleuchtung Glasobjekten, auch bei Abwesenheit von nat\u00fcrlichem Licht, Leben und Farbigkeit zu verleihen, faszinierte sie seit Jahren. Inspiriert von dem Materialmix Bambus &amp; Glas entstand eine eigenst\u00e4ndige, gesetzlich gesch\u00fctzte, Leuchtobjekt-Gestaltung. Kein Bambus und keine Glasschmelze gleichen dabei der anderen und lassen verschieden gro\u00dfe Objekte von erlesener Sch\u00f6nheit und Individualit\u00e4t entstehen.<\/span><\/p>\n<p style=\"text-align: left;\"><span style=\"color: #ffffff;\"><img decoding=\"async\" class=\"size-medium wp-image-498 aligncenter\" title=\"img03108-kopie\" src=\"http:\/\/glasundmeer.gallery\/wp-content\/uploads\/2011\/10\/img03108-kopie-72x300.jpg\" alt=\"img03108-kopie\" width=\"72\" height=\"300\" srcset=\"https:\/\/glasundmeer.gallery\/wp-content\/uploads\/2011\/10\/img03108-kopie-72x300.jpg 72w, https:\/\/glasundmeer.gallery\/wp-content\/uploads\/2011\/10\/img03108-kopie.jpg 154w\" sizes=\"(max-width: 72px) 100vw, 72px\" \/>Aus der Kombination mit dem Glas bekommt der faszinierende Ausgangsstoff Bambus eine neue Funktion und wird durchscheinend und einleuchtend. Die auf den jeweiligen Durchmesser pr\u00e4zise gefertigten Schmelzungen geben ihr den Anhalt f\u00fcr die optische Gestaltung der rohen St\u00e4mme, die durch die Vereingung mit dem Glas vielf\u00e4ltige Kultureinfl\u00fcsse widerspiegeln.<\/span><\/p>\n<p style=\"text-align: left;\"><span style=\"color: #ffffff;\"><img decoding=\"async\" class=\"alignleft size-medium wp-image-496\" title=\"img03050-kopie\" src=\"http:\/\/glasundmeer.gallery\/wp-content\/uploads\/2011\/10\/img03050-kopie-300x298.jpg\" alt=\"img03050-kopie\" width=\"300\" height=\"298\" srcset=\"https:\/\/glasundmeer.gallery\/wp-content\/uploads\/2011\/10\/img03050-kopie-300x298.jpg 300w, https:\/\/glasundmeer.gallery\/wp-content\/uploads\/2011\/10\/img03050-kopie-150x150.jpg 150w, https:\/\/glasundmeer.gallery\/wp-content\/uploads\/2011\/10\/img03050-kopie.jpg 640w\" sizes=\"(max-width: 300px) 100vw, 300px\" \/>Die Leuchtobjekte aus Bambus und Glas sind, ebenso wie die k\u00fcnstlerisch gestalteten Wandlampen Objekte, die Originale sind.<\/span><\/p>\n<p style=\"text-align: left;\"><span style=\"color: #ffffff;\"><img decoding=\"async\" class=\"alignnone size-medium wp-image-499\" title=\"pic_0107\" src=\"http:\/\/glasundmeer.gallery\/wp-content\/uploads\/2011\/10\/pic_0107-300x225.jpg\" alt=\"pic_0107\" width=\"300\" height=\"225\" srcset=\"https:\/\/glasundmeer.gallery\/wp-content\/uploads\/2011\/10\/pic_0107-300x225.jpg 300w, https:\/\/glasundmeer.gallery\/wp-content\/uploads\/2011\/10\/pic_0107.jpg 640w\" sizes=\"(max-width: 300px) 100vw, 300px\" \/><\/span><\/p>\n<p style=\"text-align: left;\"><span style=\"color: #ffffff;\">Welches Ergebnis der Ofen letztendlich nach stundenlanger Schmelze preisgibt, ist, trotz jahrelanger Erfahrung und sorgf\u00e4ltiger Auswahl der Gl\u00e4ser, nie vorhersehbar.<\/span><\/p>\n<p style=\"text-align: left;\"><span style=\"color: #ffffff;\"><img decoding=\"async\" class=\"alignnone wp-image-497 size-medium\" title=\"img03106-kopie\" src=\"http:\/\/glasundmeer.gallery\/wp-content\/uploads\/2011\/10\/img03106-kopie-87x300.jpg\" alt=\"img03106-kopie\" width=\"87\" height=\"300\" srcset=\"https:\/\/glasundmeer.gallery\/wp-content\/uploads\/2011\/10\/img03106-kopie-87x300.jpg 87w, https:\/\/glasundmeer.gallery\/wp-content\/uploads\/2011\/10\/img03106-kopie.jpg 185w\" sizes=\"(max-width: 87px) 100vw, 87px\" \/> <img decoding=\"async\" class=\"alignnone size-medium wp-image-524\" title=\"pic_0167\" src=\"http:\/\/glasundmeer.gallery\/wp-content\/uploads\/2011\/02\/pic_0167-225x300.jpg\" alt=\"pic_0167\" width=\"225\" height=\"300\" srcset=\"https:\/\/glasundmeer.gallery\/wp-content\/uploads\/2011\/02\/pic_0167-225x300.jpg 225w, https:\/\/glasundmeer.gallery\/wp-content\/uploads\/2011\/02\/pic_0167.jpg 480w\" sizes=\"(max-width: 225px) 100vw, 225px\" \/><img decoding=\"async\" class=\"alignnone size-medium wp-image-541\" title=\"zwischenablage04\" src=\"http:\/\/glasundmeer.gallery\/wp-content\/uploads\/2011\/10\/zwischenablage04-38x300.png\" alt=\"zwischenablage04\" width=\"38\" height=\"300\" srcset=\"https:\/\/glasundmeer.gallery\/wp-content\/uploads\/2011\/10\/zwischenablage04-38x300.png 38w, https:\/\/glasundmeer.gallery\/wp-content\/uploads\/2011\/10\/zwischenablage04-130x1024.png 130w, https:\/\/glasundmeer.gallery\/wp-content\/uploads\/2011\/10\/zwischenablage04.png 237w\" sizes=\"(max-width: 38px) 100vw, 38px\" \/><img decoding=\"async\" class=\"alignnone size-medium wp-image-540\" title=\"zwischenablage03\" src=\"http:\/\/glasundmeer.gallery\/wp-content\/uploads\/2011\/10\/zwischenablage03-300x224.png\" alt=\"zwischenablage03\" width=\"300\" height=\"224\" srcset=\"https:\/\/glasundmeer.gallery\/wp-content\/uploads\/2011\/10\/zwischenablage03-300x224.png 300w, https:\/\/glasundmeer.gallery\/wp-content\/uploads\/2011\/10\/zwischenablage03-1024x765.png 1024w, https:\/\/glasundmeer.gallery\/wp-content\/uploads\/2011\/10\/zwischenablage03.png 1876w\" sizes=\"(max-width: 300px) 100vw, 300px\" \/> <img decoding=\"async\" class=\"alignnone size-medium wp-image-525\" title=\"kopie-von-pic_0112\" src=\"http:\/\/glasundmeer.gallery\/wp-content\/uploads\/2011\/02\/kopie-von-pic_0112-300x225.jpg\" alt=\"kopie-von-pic_0112\" width=\"300\" height=\"225\" srcset=\"https:\/\/glasundmeer.gallery\/wp-content\/uploads\/2011\/02\/kopie-von-pic_0112-300x225.jpg 300w, https:\/\/glasundmeer.gallery\/wp-content\/uploads\/2011\/02\/kopie-von-pic_0112.jpg 640w\" sizes=\"(max-width: 300px) 100vw, 300px\" \/><\/span><\/p>\n","protected":false},"excerpt":{"rendered":"<p>&nbsp; Leuchtobjekte sind Gundula Menkings Lieblingsthema in der Glaskunst. Die M\u00f6glichkeit mit der elektrischen Beleuchtung Glasobjekten, auch bei Abwesenheit von nat\u00fcrlichem Licht, Leben und Farbigkeit zu verleihen, faszinierte sie seit Jahren. Inspiriert von dem Materialmix Bambus &amp; Glas entstand eine eigenst\u00e4ndige, gesetzlich gesch\u00fctzte, Leuchtobjekt-Gestaltung. Kein Bambus und keine Glasschmelze gleichen dabei der anderen und lassen [&hellip;]<\/p>\n","protected":false},"author":3,"featured_media":0,"parent":0,"menu_order":5,"comment_status":"closed","ping_status":"closed","template":"","meta":{"footnotes":""},"class_list":["post-224","page","type-page","status-publish","hentry"],"_links":{"self":[{"href":"https:\/\/glasundmeer.gallery\/index.php?rest_route=\/wp\/v2\/pages\/224","targetHints":{"allow":["GET"]}}],"collection":[{"href":"https:\/\/glasundmeer.gallery\/index.php?rest_route=\/wp\/v2\/pages"}],"about":[{"href":"https:\/\/glasundmeer.gallery\/index.php?rest_route=\/wp\/v2\/types\/page"}],"author":[{"embeddable":true,"href":"https:\/\/glasundmeer.gallery\/index.php?rest_route=\/wp\/v2\/users\/3"}],"replies":[{"embeddable":true,"href":"https:\/\/glasundmeer.gallery\/index.php?rest_route=%2Fwp%2Fv2%2Fcomments&post=224"}],"version-history":[{"count":5,"href":"https:\/\/glasundmeer.gallery\/index.php?rest_route=\/wp\/v2\/pages\/224\/revisions"}],"predecessor-version":[{"id":1708,"href":"https:\/\/glasundmeer.gallery\/index.php?rest_route=\/wp\/v2\/pages\/224\/revisions\/1708"}],"wp:attachment":[{"href":"https:\/\/glasundmeer.gallery\/index.php?rest_route=%2Fwp%2Fv2%2Fmedia&parent=224"}],"curies":[{"name":"wp","href":"https:\/\/api.w.org\/{rel}","templated":true}]}}