{"id":178,"date":"2011-02-22T13:46:09","date_gmt":"2011-02-22T13:46:09","guid":{"rendered":"http:\/\/ralfputz.de\/?page_id=178"},"modified":"2025-03-10T15:24:45","modified_gmt":"2025-03-10T14:24:45","slug":"glaskunst","status":"publish","type":"page","link":"https:\/\/glasundmeer.gallery\/?page_id=178","title":{"rendered":"Glas &amp; Meer"},"content":{"rendered":"<figure id=\"attachment_1133\" aria-describedby=\"caption-attachment-1133\" style=\"width: 695px\" class=\"wp-caption alignnone\"><img decoding=\"async\" class=\"size-large wp-image-1133\" src=\"http:\/\/glasundmeer.gallery\/wp-content\/uploads\/2011\/02\/menking_objekt_1_reisende_3_detail-1024x681.jpg\" alt=\"Gundula Menking &quot;Reisende&quot;\" width=\"695\" height=\"462\" srcset=\"https:\/\/glasundmeer.gallery\/wp-content\/uploads\/2011\/02\/menking_objekt_1_reisende_3_detail-1024x681.jpg 1024w, https:\/\/glasundmeer.gallery\/wp-content\/uploads\/2011\/02\/menking_objekt_1_reisende_3_detail-300x199.jpg 300w, https:\/\/glasundmeer.gallery\/wp-content\/uploads\/2011\/02\/menking_objekt_1_reisende_3_detail-768x511.jpg 768w\" sizes=\"(max-width: 695px) 100vw, 695px\" \/><figcaption id=\"caption-attachment-1133\" class=\"wp-caption-text\"><\/span> <span style=\"color: #ffffff;\">Gundula Menking &#8222;Reisende&#8220;<\/span><\/figcaption><\/figure>\n<figure id=\"attachment_1134\" aria-describedby=\"caption-attachment-1134\" style=\"width: 695px\" class=\"wp-caption alignnone\"><img decoding=\"async\" class=\"size-large wp-image-1134\" src=\"http:\/\/glasundmeer.gallery\/wp-content\/uploads\/2011\/02\/menking_objekt_1_reisende_1-1024x507.jpg\" alt=\"Glas &amp; Meer - Gundula Menking &quot;Reisende&quot;\" width=\"695\" height=\"344\" srcset=\"https:\/\/glasundmeer.gallery\/wp-content\/uploads\/2011\/02\/menking_objekt_1_reisende_1-1024x507.jpg 1024w, https:\/\/glasundmeer.gallery\/wp-content\/uploads\/2011\/02\/menking_objekt_1_reisende_1-300x149.jpg 300w, https:\/\/glasundmeer.gallery\/wp-content\/uploads\/2011\/02\/menking_objekt_1_reisende_1-768x381.jpg 768w\" sizes=\"(max-width: 695px) 100vw, 695px\" \/><figcaption id=\"caption-attachment-1134\" class=\"wp-caption-text\"><\/span> <span style=\"color: #ffffff;\">Glas &amp; Meer &#8211; Gundula Menking &#8222;Reisende&#8220;<\/span><\/figcaption><\/figure>\n<figure id=\"attachment_1135\" aria-describedby=\"caption-attachment-1135\" style=\"width: 695px\" class=\"wp-caption alignnone\"><img decoding=\"async\" class=\"size-large wp-image-1135\" src=\"http:\/\/glasundmeer.gallery\/wp-content\/uploads\/2011\/02\/menking_objekt_2_arche-typen_beispiel-780x1024.jpg\" alt=\"Glas &amp; Meer - Gundula Menking &quot;Arche Typen&quot;\" width=\"695\" height=\"912\" srcset=\"https:\/\/glasundmeer.gallery\/wp-content\/uploads\/2011\/02\/menking_objekt_2_arche-typen_beispiel-780x1024.jpg 780w, https:\/\/glasundmeer.gallery\/wp-content\/uploads\/2011\/02\/menking_objekt_2_arche-typen_beispiel-229x300.jpg 229w, https:\/\/glasundmeer.gallery\/wp-content\/uploads\/2011\/02\/menking_objekt_2_arche-typen_beispiel-768x1008.jpg 768w, https:\/\/glasundmeer.gallery\/wp-content\/uploads\/2011\/02\/menking_objekt_2_arche-typen_beispiel.jpg 1832w\" sizes=\"(max-width: 695px) 100vw, 695px\" \/><figcaption id=\"caption-attachment-1135\" class=\"wp-caption-text\"><\/span> <span style=\"color: #ffffff;\">Glas &amp; Meer &#8211; Gundula Menking &#8222;Arche Typen&#8220;<\/span><\/figcaption><\/figure>\n<figure id=\"attachment_1137\" aria-describedby=\"caption-attachment-1137\" style=\"width: 300px\" class=\"wp-caption alignnone\"><img decoding=\"async\" class=\"size-medium wp-image-1137\" src=\"http:\/\/glasundmeer.gallery\/wp-content\/uploads\/2011\/02\/PICT0305_crop-300x136.jpg\" alt=\"Glas &amp; Meer - Gundula Menking &quot;Kleine Meerjungfrau&quot;\" width=\"300\" height=\"136\" srcset=\"https:\/\/glasundmeer.gallery\/wp-content\/uploads\/2011\/02\/PICT0305_crop-300x136.jpg 300w, https:\/\/glasundmeer.gallery\/wp-content\/uploads\/2011\/02\/PICT0305_crop-768x349.jpg 768w, https:\/\/glasundmeer.gallery\/wp-content\/uploads\/2011\/02\/PICT0305_crop-1024x465.jpg 1024w\" sizes=\"(max-width: 300px) 100vw, 300px\" \/><figcaption id=\"caption-attachment-1137\" class=\"wp-caption-text\"><\/span> <span style=\"color: #ffffff;\">Glas &amp; Meer &#8211; Gundula Menking &#8222;Kleine Meerjungfrau&#8220;<\/span><\/figcaption><\/figure>\n<figure id=\"attachment_1138\" aria-describedby=\"caption-attachment-1138\" style=\"width: 300px\" class=\"wp-caption alignright\"><img decoding=\"async\" class=\"size-medium wp-image-1138\" src=\"http:\/\/glasundmeer.gallery\/wp-content\/uploads\/2011\/02\/PICT0317_crop-300x148.jpg\" alt=\"Glas &amp; Meer - Gundula Menking &quot;Kleine Nixe&quot;\" width=\"300\" height=\"148\" srcset=\"https:\/\/glasundmeer.gallery\/wp-content\/uploads\/2011\/02\/PICT0317_crop-300x148.jpg 300w, https:\/\/glasundmeer.gallery\/wp-content\/uploads\/2011\/02\/PICT0317_crop-768x378.jpg 768w, https:\/\/glasundmeer.gallery\/wp-content\/uploads\/2011\/02\/PICT0317_crop-1024x504.jpg 1024w\" sizes=\"(max-width: 300px) 100vw, 300px\" \/><figcaption id=\"caption-attachment-1138\" class=\"wp-caption-text\"><\/span> <span style=\"color: #ffffff;\">Glas &amp; Meer &#8211; Gundula Menking &#8222;Kleine Nixe&#8220;<\/span><\/figcaption><\/figure>\n<p style=\"text-align: left;\"><span style=\"color: #ffffff;\">Die Faszination der Reflektionen des Lichtes auf dem Wasser an der Elbe und in der Natur, inspiriert sie zu Kunstwerken, die, entstanden aus Fundst\u00fccken l\u00e4ngst vergangener Zeit und aktuellen Glasgestaltungen, bodenst\u00e4ndig und leicht zugleich sind.<\/span><\/p>\n<p style=\"text-align: left;\"><span style=\"color: #ffffff;\">In allen Arbeiten, die sie mit ihrem bevorzugten Ausdrucksmittel Glas erarbeitet, fangen sich die Sonnenstrahlen und lassen rostige Metalle und Treibh\u00f6lzer zu v\u00f6llig neuen Fantasiegebilden werden.<\/span><\/p>\n<figure id=\"attachment_1197\" aria-describedby=\"caption-attachment-1197\" style=\"width: 263px\" class=\"wp-caption alignleft\"><img decoding=\"async\" class=\"size-medium wp-image-1197\" src=\"http:\/\/glasundmeer.gallery\/wp-content\/uploads\/2011\/02\/PICT0013_crop-263x300.jpg\" alt=\"Glas &amp; Meer \u2013 Gundula Menking \u201eKomische V\u00f6gel&quot;\" width=\"263\" height=\"300\" srcset=\"https:\/\/glasundmeer.gallery\/wp-content\/uploads\/2011\/02\/PICT0013_crop-263x300.jpg 263w, https:\/\/glasundmeer.gallery\/wp-content\/uploads\/2011\/02\/PICT0013_crop-768x875.jpg 768w, https:\/\/glasundmeer.gallery\/wp-content\/uploads\/2011\/02\/PICT0013_crop-899x1024.jpg 899w, https:\/\/glasundmeer.gallery\/wp-content\/uploads\/2011\/02\/PICT0013_crop.jpg 1669w\" sizes=\"(max-width: 263px) 100vw, 263px\" \/><figcaption id=\"caption-attachment-1197\" class=\"wp-caption-text\"><\/span> <span style=\"color: #ffffff;\">Glas &amp; Meer \u2013 Gundula Menking \u201eKomische V\u00f6gel&#8220;<\/span><\/figcaption><\/figure>\n<figure id=\"attachment_1198\" aria-describedby=\"caption-attachment-1198\" style=\"width: 300px\" class=\"wp-caption alignleft\"><img decoding=\"async\" class=\"wp-image-1198 size-medium\" src=\"http:\/\/glasundmeer.gallery\/wp-content\/uploads\/2011\/02\/PICT0035-wb-300x199.jpg\" alt=\"Glas &amp; Meer \u2013 Gundula Menking \u201eCham\u00e4leon&quot;\" width=\"300\" height=\"199\" srcset=\"https:\/\/glasundmeer.gallery\/wp-content\/uploads\/2011\/02\/PICT0035-wb-300x199.jpg 300w, https:\/\/glasundmeer.gallery\/wp-content\/uploads\/2011\/02\/PICT0035-wb-768x511.jpg 768w, https:\/\/glasundmeer.gallery\/wp-content\/uploads\/2011\/02\/PICT0035-wb-1024x681.jpg 1024w\" sizes=\"(max-width: 300px) 100vw, 300px\" \/><figcaption id=\"caption-attachment-1198\" class=\"wp-caption-text\"><\/span> <span style=\"color: #ffffff;\">Glas &amp; Meer \u2013 Gundula Menking \u201eCham\u00e4leon&#8220;<\/span><\/figcaption><\/figure>\n<figure id=\"attachment_1221\" aria-describedby=\"caption-attachment-1221\" style=\"width: 265px\" class=\"wp-caption alignleft\"><img decoding=\"async\" class=\"size-medium wp-image-1221\" src=\"http:\/\/glasundmeer.gallery\/wp-content\/uploads\/2011\/02\/PICT5947_crop_wb-265x300.jpg\" alt=\"Glas &amp; Meer \u2013 Gundula Menking \u201eKomische V\u00f6gel&quot;\" width=\"265\" height=\"300\" srcset=\"https:\/\/glasundmeer.gallery\/wp-content\/uploads\/2011\/02\/PICT5947_crop_wb-265x300.jpg 265w, https:\/\/glasundmeer.gallery\/wp-content\/uploads\/2011\/02\/PICT5947_crop_wb-768x869.jpg 768w, https:\/\/glasundmeer.gallery\/wp-content\/uploads\/2011\/02\/PICT5947_crop_wb-905x1024.jpg 905w, https:\/\/glasundmeer.gallery\/wp-content\/uploads\/2011\/02\/PICT5947_crop_wb.jpg 1546w\" sizes=\"(max-width: 265px) 100vw, 265px\" \/><figcaption id=\"caption-attachment-1221\" class=\"wp-caption-text\"><\/span> <span style=\"color: #ffffff;\">Glas &amp; Meer \u2013 Gundula Menking \u201eKomische V\u00f6gel&#8220;<\/span><\/figcaption><\/figure>\n<figure id=\"attachment_1199\" aria-describedby=\"caption-attachment-1199\" style=\"width: 300px\" class=\"wp-caption alignleft\"><img decoding=\"async\" class=\"size-medium wp-image-1199\" src=\"http:\/\/glasundmeer.gallery\/wp-content\/uploads\/2011\/02\/PICT0041-wb-300x199.jpg\" alt=\"Glas &amp; Meer \u2013 Gundula Menking \u201eKomische V\u00f6gel&quot;\" width=\"300\" height=\"199\" srcset=\"https:\/\/glasundmeer.gallery\/wp-content\/uploads\/2011\/02\/PICT0041-wb-300x199.jpg 300w, https:\/\/glasundmeer.gallery\/wp-content\/uploads\/2011\/02\/PICT0041-wb-768x511.jpg 768w, https:\/\/glasundmeer.gallery\/wp-content\/uploads\/2011\/02\/PICT0041-wb-1024x681.jpg 1024w\" sizes=\"(max-width: 300px) 100vw, 300px\" \/><figcaption id=\"caption-attachment-1199\" class=\"wp-caption-text\"><\/span> <span style=\"color: #ffffff;\">Glas &amp; Meer \u2013 Gundula Menking \u201eKomische V\u00f6gel&#8220;<\/span><\/figcaption><\/figure>\n<figure id=\"attachment_1202\" aria-describedby=\"caption-attachment-1202\" style=\"width: 695px\" class=\"wp-caption alignleft\"><img decoding=\"async\" class=\"wp-image-1202 size-large\" src=\"http:\/\/glasundmeer.gallery\/wp-content\/uploads\/2011\/02\/PICT5894_crop-1024x529.jpg\" alt=\"Glas &amp; Meer \u2013 Gundula Menking \u201eWal&quot;\" width=\"695\" height=\"359\" srcset=\"https:\/\/glasundmeer.gallery\/wp-content\/uploads\/2011\/02\/PICT5894_crop-1024x529.jpg 1024w, https:\/\/glasundmeer.gallery\/wp-content\/uploads\/2011\/02\/PICT5894_crop-300x155.jpg 300w, https:\/\/glasundmeer.gallery\/wp-content\/uploads\/2011\/02\/PICT5894_crop-768x397.jpg 768w\" sizes=\"(max-width: 695px) 100vw, 695px\" \/><figcaption id=\"caption-attachment-1202\" class=\"wp-caption-text\"><\/span> <span style=\"color: #ffffff;\">Glas &amp; Meer \u2013 Gundula Menking \u201eWal&#8220;<\/span><\/figcaption><\/figure>\n<p><span style=\"color: #ffffff;\"><img decoding=\"async\" class=\"alignleft wp-image-545 size-medium\" title=\"zwischenablage08\" src=\"http:\/\/glasundmeer.gallery\/wp-content\/uploads\/2011\/10\/zwischenablage08-200x300.jpg\" alt=\"zwischenablage08\" width=\"200\" height=\"300\" srcset=\"https:\/\/glasundmeer.gallery\/wp-content\/uploads\/2011\/10\/zwischenablage08-200x300.jpg 200w, https:\/\/glasundmeer.gallery\/wp-content\/uploads\/2011\/10\/zwischenablage08-681x1024.jpg 681w, https:\/\/glasundmeer.gallery\/wp-content\/uploads\/2011\/10\/zwischenablage08.jpg 1398w\" sizes=\"(max-width: 200px) 100vw, 200px\" \/><\/span><\/p>\n<p><span style=\"color: #ffffff;\"><img decoding=\"async\" class=\"alignleft wp-image-599 size-medium\" title=\"zwischenablage072\" src=\"http:\/\/glasundmeer.gallery\/wp-content\/uploads\/2011\/02\/zwischenablage072-235x300.png\" alt=\"zwischenablage072\" width=\"235\" height=\"300\" srcset=\"https:\/\/glasundmeer.gallery\/wp-content\/uploads\/2011\/02\/zwischenablage072-235x300.png 235w, https:\/\/glasundmeer.gallery\/wp-content\/uploads\/2011\/02\/zwischenablage072-802x1024.png 802w, https:\/\/glasundmeer.gallery\/wp-content\/uploads\/2011\/02\/zwischenablage072.png 1647w\" sizes=\"(max-width: 235px) 100vw, 235px\" \/><\/span><\/p>\n<p><span style=\"color: #ffffff;\"><img decoding=\"async\" class=\"wp-image-542 size-medium alignleft\" title=\"zwischenablage05\" src=\"http:\/\/glasundmeer.gallery\/wp-content\/uploads\/2011\/10\/zwischenablage05-300x200.jpg\" alt=\"zwischenablage05\" width=\"300\" height=\"200\" srcset=\"https:\/\/glasundmeer.gallery\/wp-content\/uploads\/2011\/10\/zwischenablage05-300x200.jpg 300w, https:\/\/glasundmeer.gallery\/wp-content\/uploads\/2011\/10\/zwischenablage05.jpg 1024w\" sizes=\"(max-width: 300px) 100vw, 300px\" \/><\/span><\/p>\n<p>&nbsp;<\/p>\n<p>&nbsp;<\/p>\n<p>&nbsp;<\/p>\n<p style=\"text-align: left;\"><span style=\"color: #ffffff;\">Bei so gro\u00dfer Inspiration durch die Seefahrt an der Elbe vor Hamburg, wundert es nicht, dass viele Fundst\u00fccke in ihren H\u00e4nden zu Booten oder Schiffen werden.<\/span><\/p>\n<p><span style=\"color: #ffffff;\">Dabei l\u00e4sst die Silhouette der Fundst\u00fccke oft die Richtung erahnen, ob kleiner Dampfer oder gro\u00dfer Segler, Wikingerschiff oder kleine Jolle &#8211; und die Wolken des Abendhimmels reden immer auch ein W\u00f6rtchen mit beim Finden der endg\u00fcltigen Form und der Auswahl der Farben dieser jederzeit zu gro\u00dfer Fahrt bereiten Flotte.<\/span><\/p>\n<figure id=\"attachment_1139\" aria-describedby=\"caption-attachment-1139\" style=\"width: 300px\" class=\"wp-caption alignleft\"><img decoding=\"async\" class=\"size-medium wp-image-1139\" src=\"http:\/\/glasundmeer.gallery\/wp-content\/uploads\/2011\/02\/PICT0128-300x199.jpg\" alt=\"Glas &amp; Meer - Gundula Menking &quot;Drachen&quot;\" width=\"300\" height=\"199\" srcset=\"https:\/\/glasundmeer.gallery\/wp-content\/uploads\/2011\/02\/PICT0128-300x199.jpg 300w, https:\/\/glasundmeer.gallery\/wp-content\/uploads\/2011\/02\/PICT0128-768x511.jpg 768w, https:\/\/glasundmeer.gallery\/wp-content\/uploads\/2011\/02\/PICT0128-1024x681.jpg 1024w\" sizes=\"(max-width: 300px) 100vw, 300px\" \/><figcaption id=\"caption-attachment-1139\" class=\"wp-caption-text\"><\/span> <span style=\"color: #ffffff;\">Glas &amp; Meer &#8211; Gundula Menking &#8222;Drachen&#8220;<\/span><\/figcaption><\/figure>\n<figure id=\"attachment_1140\" aria-describedby=\"caption-attachment-1140\" style=\"width: 300px\" class=\"wp-caption alignright\"><img decoding=\"async\" class=\"size-medium wp-image-1140\" src=\"http:\/\/glasundmeer.gallery\/wp-content\/uploads\/2011\/02\/PICT0148-300x199.jpg\" alt=\"Glas &amp; Meer - Gundula Menking &quot;Drachen&quot;\" width=\"300\" height=\"199\" srcset=\"https:\/\/glasundmeer.gallery\/wp-content\/uploads\/2011\/02\/PICT0148-300x199.jpg 300w, https:\/\/glasundmeer.gallery\/wp-content\/uploads\/2011\/02\/PICT0148-768x511.jpg 768w, https:\/\/glasundmeer.gallery\/wp-content\/uploads\/2011\/02\/PICT0148-1024x681.jpg 1024w\" sizes=\"(max-width: 300px) 100vw, 300px\" \/><figcaption id=\"caption-attachment-1140\" class=\"wp-caption-text\"><\/span> <span style=\"color: #ffffff;\">Glas &amp; Meer &#8211; Gundula Menking &#8222;Drachen&#8220;<\/span><\/figcaption><\/figure>\n<p>&nbsp;<\/p>\n<p>&nbsp;<\/p>\n<p>&nbsp;<\/p>\n<p>&nbsp;<\/p>\n<p>&nbsp;<\/p>\n<p>&nbsp;<\/p>\n<p>&nbsp;<\/p>\n<figure id=\"attachment_1143\" aria-describedby=\"caption-attachment-1143\" style=\"width: 199px\" class=\"wp-caption alignleft\"><img decoding=\"async\" class=\"size-medium wp-image-1143\" src=\"http:\/\/glasundmeer.gallery\/wp-content\/uploads\/2011\/02\/menking_gundula_Drei_Eulen_im_Dialog_01-199x300.jpg\" alt=\"Glas &amp; Meer - Gundula Menking &quot;Drei Eulen im Dialog&quot;\" width=\"199\" height=\"300\" srcset=\"https:\/\/glasundmeer.gallery\/wp-content\/uploads\/2011\/02\/menking_gundula_Drei_Eulen_im_Dialog_01-199x300.jpg 199w, https:\/\/glasundmeer.gallery\/wp-content\/uploads\/2011\/02\/menking_gundula_Drei_Eulen_im_Dialog_01-768x1155.jpg 768w, https:\/\/glasundmeer.gallery\/wp-content\/uploads\/2011\/02\/menking_gundula_Drei_Eulen_im_Dialog_01-681x1024.jpg 681w, https:\/\/glasundmeer.gallery\/wp-content\/uploads\/2011\/02\/menking_gundula_Drei_Eulen_im_Dialog_01.jpg 2000w\" sizes=\"(max-width: 199px) 100vw, 199px\" \/><figcaption id=\"caption-attachment-1143\" class=\"wp-caption-text\"><\/span> <span style=\"color: #ffffff;\">Glas &amp; Meer &#8211; Gundula Menking &#8222;Drei Eulen im Dialog&#8220;<\/span><\/figcaption><\/figure>\n<figure id=\"attachment_1144\" aria-describedby=\"caption-attachment-1144\" style=\"width: 199px\" class=\"wp-caption alignleft\"><img decoding=\"async\" class=\"size-medium wp-image-1144\" src=\"http:\/\/glasundmeer.gallery\/wp-content\/uploads\/2011\/02\/menking_gundula_Drei_Eulen_im_Dialog_04-199x300.jpg\" alt=\"Glas &amp; Meer - Gundula Menking &quot;Drei Eulen im Dialog&quot;\" width=\"199\" height=\"300\" srcset=\"https:\/\/glasundmeer.gallery\/wp-content\/uploads\/2011\/02\/menking_gundula_Drei_Eulen_im_Dialog_04-199x300.jpg 199w, https:\/\/glasundmeer.gallery\/wp-content\/uploads\/2011\/02\/menking_gundula_Drei_Eulen_im_Dialog_04-768x1155.jpg 768w, https:\/\/glasundmeer.gallery\/wp-content\/uploads\/2011\/02\/menking_gundula_Drei_Eulen_im_Dialog_04-681x1024.jpg 681w, https:\/\/glasundmeer.gallery\/wp-content\/uploads\/2011\/02\/menking_gundula_Drei_Eulen_im_Dialog_04.jpg 2000w\" sizes=\"(max-width: 199px) 100vw, 199px\" \/><figcaption id=\"caption-attachment-1144\" class=\"wp-caption-text\"><\/span> <span style=\"color: #ffffff;\">Glas &amp; Meer &#8211; Gundula Menking &#8222;Drei Eulen im Dialog&#8220;<\/span><\/figcaption><\/figure>\n<figure id=\"attachment_1185\" aria-describedby=\"caption-attachment-1185\" style=\"width: 300px\" class=\"wp-caption alignleft\"><img decoding=\"async\" class=\"size-medium wp-image-1185\" src=\"http:\/\/glasundmeer.gallery\/wp-content\/uploads\/2011\/02\/PICT0004-300x199.jpg\" alt=\"Glas &amp; Meer - Gundula Menking &quot;Segelboot Sylt&quot; (verkauft)\" width=\"300\" height=\"199\" srcset=\"https:\/\/glasundmeer.gallery\/wp-content\/uploads\/2011\/02\/PICT0004-300x199.jpg 300w, https:\/\/glasundmeer.gallery\/wp-content\/uploads\/2011\/02\/PICT0004-768x511.jpg 768w, https:\/\/glasundmeer.gallery\/wp-content\/uploads\/2011\/02\/PICT0004-1024x681.jpg 1024w\" sizes=\"(max-width: 300px) 100vw, 300px\" \/><figcaption id=\"caption-attachment-1185\" class=\"wp-caption-text\"><\/span> <span style=\"color: #ffffff;\">Glas &amp; Meer &#8211; Gundula Menking &#8222;Segelboot Sylt&#8220; (verkauft)<\/span><\/figcaption><\/figure>\n<p>&nbsp;<\/p>\n<p>&nbsp;<\/p>\n","protected":false},"excerpt":{"rendered":"<p>Die Faszination der Reflektionen des Lichtes auf dem Wasser an der Elbe und in der Natur, inspiriert sie zu Kunstwerken, die, entstanden aus Fundst\u00fccken l\u00e4ngst vergangener Zeit und aktuellen Glasgestaltungen, bodenst\u00e4ndig und leicht zugleich sind. In allen Arbeiten, die sie mit ihrem bevorzugten Ausdrucksmittel Glas erarbeitet, fangen sich die Sonnenstrahlen und lassen rostige Metalle und [&hellip;]<\/p>\n","protected":false},"author":3,"featured_media":0,"parent":0,"menu_order":1,"comment_status":"closed","ping_status":"closed","template":"","meta":{"footnotes":""},"class_list":["post-178","page","type-page","status-publish","hentry"],"_links":{"self":[{"href":"https:\/\/glasundmeer.gallery\/index.php?rest_route=\/wp\/v2\/pages\/178","targetHints":{"allow":["GET"]}}],"collection":[{"href":"https:\/\/glasundmeer.gallery\/index.php?rest_route=\/wp\/v2\/pages"}],"about":[{"href":"https:\/\/glasundmeer.gallery\/index.php?rest_route=\/wp\/v2\/types\/page"}],"author":[{"embeddable":true,"href":"https:\/\/glasundmeer.gallery\/index.php?rest_route=\/wp\/v2\/users\/3"}],"replies":[{"embeddable":true,"href":"https:\/\/glasundmeer.gallery\/index.php?rest_route=%2Fwp%2Fv2%2Fcomments&post=178"}],"version-history":[{"count":23,"href":"https:\/\/glasundmeer.gallery\/index.php?rest_route=\/wp\/v2\/pages\/178\/revisions"}],"predecessor-version":[{"id":1704,"href":"https:\/\/glasundmeer.gallery\/index.php?rest_route=\/wp\/v2\/pages\/178\/revisions\/1704"}],"wp:attachment":[{"href":"https:\/\/glasundmeer.gallery\/index.php?rest_route=%2Fwp%2Fv2%2Fmedia&parent=178"}],"curies":[{"name":"wp","href":"https:\/\/api.w.org\/{rel}","templated":true}]}}