{"id":14,"date":"2010-05-02T08:14:22","date_gmt":"2010-05-02T08:14:22","guid":{"rendered":"http:\/\/ralfputz.de\/?page_id=14"},"modified":"2015-05-05T14:19:23","modified_gmt":"2015-05-05T14:19:23","slug":"testmenue2","status":"publish","type":"page","link":"https:\/\/glasundmeer.gallery\/?page_id=14","title":{"rendered":"Kontakt"},"content":{"rendered":"<p>Die Angaben im Kontaktformular sind selbstverst\u00e4ndlich freiwillig &#8211; die E-Mail-Adresse ben\u00f6tige ich, um Ihnen eine Antwort senden zu k\u00f6nnen.<\/p>\n<div id=\"usermessagea\" class=\"cf_info \"><\/div><form enctype=\"multipart\/form-data\" action=\"\/index.php?rest_route=%2Fwp%2Fv2%2Fpages%2F14#usermessagea\" method=\"post\" class=\"cform gm-kontakt \" id=\"cformsform\"><fieldset class=\"cf-fs1\" style=\"\"><legend>Kontaktformular<\/legend><ol class=\"cf-ol\"><li id=\"li--2\" class=\"\"><label id=\"label--2\" for=\"cf_field_2\"><span>Ihr Name<\/span><\/label><input type=\"text\" name=\"cf_field_2\" id=\"cf_field_2\" class=\"single fldrequired\" value=\"Your Name\" onfocus=\"clearField(this)\" onblur=\"setField(this)\" title=\"\"\/><span class=\"reqtxt\">(Bitte eingeben, Eingabe ist erforderlich)<\/span><\/li><li id=\"li--3\" class=\"\"><label id=\"label--3\" for=\"cf_field_3\"><span>Ihre E-Mail Adresse<\/span><\/label><input type=\"text\" name=\"cf_field_3\" id=\"cf_field_3\" class=\"single fldemail fldrequired\" value=\"E-Mail\" title=\"\"\/><span class=\"emailreqtxt\">(Bitte eine echte Mailadresse angeben, damit ich antworten kann)<\/span><\/li><li id=\"li--4\" class=\"\"><label id=\"label--4\" for=\"cf_field_4\"><span>Website<\/span><\/label><input type=\"text\" name=\"cf_field_4\" id=\"cf_field_4\" class=\"single\" value=\"http:\/\/\" title=\"\"\/><\/li><li id=\"li--5\" class=\"\"><label id=\"label--5\" for=\"cf_field_5\"><span>Ihre Nachricht<\/span><\/label><textarea cols=\"30\" rows=\"8\" name=\"cf_field_5\" id=\"cf_field_5\" class=\"area\" title=\"\">Message<\/textarea><\/li><\/ol><\/fieldset><fieldset class=\"cf_hidden\"><legend>&nbsp;<\/legend><input type=\"hidden\" name=\"cf_working\" id=\"cf_working\" value=\"Gleich geht&#039;s weiter ..\"\/><input type=\"hidden\" name=\"cf_failure\" id=\"cf_failure\" value=\"Es ist ein Fehler aufgetreten; bitte pr\u00fcfen Sie die Angaben in den Feldern.\"\/><input type=\"hidden\" name=\"cf_customerr\" id=\"cf_customerr\" value=\"y\"\/><\/fieldset><p class=\"cf-sb\"><input type=\"submit\" name=\"sendbutton\" id=\"sendbutton\" class=\"sendbutton\" value=\"SEND\" \/><\/p><\/form>\n","protected":false},"excerpt":{"rendered":"<p>Die Angaben im Kontaktformular sind selbstverst\u00e4ndlich freiwillig &#8211; die E-Mail-Adresse ben\u00f6tige ich, um Ihnen eine Antwort senden zu k\u00f6nnen.<\/p>\n","protected":false},"author":2,"featured_media":0,"parent":0,"menu_order":70,"comment_status":"closed","ping_status":"closed","template":"","meta":{"footnotes":""},"class_list":["post-14","page","type-page","status-publish","hentry"],"_links":{"self":[{"href":"https:\/\/glasundmeer.gallery\/index.php?rest_route=\/wp\/v2\/pages\/14","targetHints":{"allow":["GET"]}}],"collection":[{"href":"https:\/\/glasundmeer.gallery\/index.php?rest_route=\/wp\/v2\/pages"}],"about":[{"href":"https:\/\/glasundmeer.gallery\/index.php?rest_route=\/wp\/v2\/types\/page"}],"author":[{"embeddable":true,"href":"https:\/\/glasundmeer.gallery\/index.php?rest_route=\/wp\/v2\/users\/2"}],"replies":[{"embeddable":true,"href":"https:\/\/glasundmeer.gallery\/index.php?rest_route=%2Fwp%2Fv2%2Fcomments&post=14"}],"version-history":[{"count":3,"href":"https:\/\/glasundmeer.gallery\/index.php?rest_route=\/wp\/v2\/pages\/14\/revisions"}],"predecessor-version":[{"id":1076,"href":"https:\/\/glasundmeer.gallery\/index.php?rest_route=\/wp\/v2\/pages\/14\/revisions\/1076"}],"wp:attachment":[{"href":"https:\/\/glasundmeer.gallery\/index.php?rest_route=%2Fwp%2Fv2%2Fmedia&parent=14"}],"curies":[{"name":"wp","href":"https:\/\/api.w.org\/{rel}","templated":true}]}}